{"id":1011,"date":"2021-10-29T11:54:05","date_gmt":"2021-10-29T11:54:05","guid":{"rendered":"https:\/\/kits.themecy.com\/learn\/?page_id=5"},"modified":"2026-02-02T01:06:43","modified_gmt":"2026-02-02T01:06:43","slug":"elementor-5","status":"publish","type":"page","link":"https:\/\/laherraduramerlo.com.ar\/sitio1\/","title":{"rendered":"Inicio &#8211; Caba\u00f1as"},"content":{"rendered":"<style>.wp-block-kadence-advancedheading.kt-adv-heading1011_859541-1e, .wp-block-kadence-advancedheading.kt-adv-heading1011_859541-1e[data-kb-block=\"kb-adv-heading1011_859541-1e\"]{text-align:center;font-style:normal;}.wp-block-kadence-advancedheading.kt-adv-heading1011_859541-1e mark.kt-highlight, .wp-block-kadence-advancedheading.kt-adv-heading1011_859541-1e[data-kb-block=\"kb-adv-heading1011_859541-1e\"] mark.kt-highlight{font-style:normal;color:#f76a0c;-webkit-box-decoration-break:clone;box-decoration-break:clone;padding-top:0px;padding-right:0px;padding-bottom:0px;padding-left:0px;}.wp-block-kadence-advancedheading.kt-adv-heading1011_859541-1e img.kb-inline-image, .wp-block-kadence-advancedheading.kt-adv-heading1011_859541-1e[data-kb-block=\"kb-adv-heading1011_859541-1e\"] img.kb-inline-image{width:150px;vertical-align:baseline;}@media all and (max-width: 767px){.wp-block-kadence-advancedheading.kt-adv-heading1011_859541-1e, .wp-block-kadence-advancedheading.kt-adv-heading1011_859541-1e[data-kb-block=\"kb-adv-heading1011_859541-1e\"]{font-size:var(--global-kb-font-size-lg, 2rem);}}<\/style>\n<h2 class=\"kt-adv-heading1011_859541-1e wp-block-kadence-advancedheading has-theme-palette-9-color has-text-color\" data-kb-block=\"kb-adv-heading1011_859541-1e\">complejo de caba\u00f1as<\/h2>\n\n\n<style>.kb-row-layout-id1011_b5c951-06 > .kt-row-column-wrap{align-content:start;}:where(.kb-row-layout-id1011_b5c951-06 > .kt-row-column-wrap) > .wp-block-kadence-column{justify-content:start;}.kb-row-layout-id1011_b5c951-06 > .kt-row-column-wrap{column-gap:var(--global-kb-gap-md, 2rem);row-gap:var(--global-kb-gap-md, 2rem);max-width:var( --global-content-width, 1290px );padding-left:var(--global-content-edge-padding);padding-right:var(--global-content-edge-padding);padding-top:257px;padding-bottom:100px;grid-template-columns:minmax(0, 1fr);}.kb-row-layout-id1011_b5c951-06{background-image:url('https:\/\/laherraduramerlo.com.ar\/sitio1\/wp-content\/uploads\/2026\/01\/3.png');background-size:cover;background-position:97% 100%;background-attachment:fixed;background-repeat:no-repeat;}.kb-row-layout-id1011_b5c951-06 > .kt-row-layout-overlay{opacity:0.52;background-color:var(--global-palette3, #1A202C);mix-blend-mode:normal;}@media all and (max-width: 1024px), only screen and (min-device-width: 1024px) and (max-device-width: 1366px) and (-webkit-min-device-pixel-ratio: 2) and (hover: none){.kb-row-layout-id1011_b5c951-06{background-attachment:scroll;}}@media all and (max-width: 1024px){.kb-row-layout-id1011_b5c951-06 > .kt-row-column-wrap{grid-template-columns:minmax(0, 1fr);}}@media all and (max-width: 767px){.kb-row-layout-id1011_b5c951-06 > .kt-row-column-wrap{grid-template-columns:minmax(0, 1fr);}}<\/style><div class=\"kb-row-layout-wrap kb-row-layout-id1011_b5c951-06 alignnone kt-row-has-bg kt-jarallax wp-block-kadence-rowlayout\" data-img-position=\"97% 100%\" data-img-size=\"cover\"><div class=\"kt-row-layout-overlay kt-row-overlay-normal\"><\/div><div class=\"kt-row-column-wrap kt-has-1-columns kt-row-layout-equal kt-tab-layout-inherit kt-mobile-layout-row kt-row-valign-top kb-theme-content-width\">\n<style>.kadence-column1011_8d0468-37 > .kt-inside-inner-col,.kadence-column1011_8d0468-37 > .kt-inside-inner-col:before{border-top-left-radius:0px;border-top-right-radius:0px;border-bottom-right-radius:0px;border-bottom-left-radius:0px;}.kadence-column1011_8d0468-37 > .kt-inside-inner-col{column-gap:var(--global-kb-gap-sm, 1rem);}.kadence-column1011_8d0468-37 > .kt-inside-inner-col{flex-direction:column;}.kadence-column1011_8d0468-37 > .kt-inside-inner-col > .aligncenter{width:100%;}.kadence-column1011_8d0468-37 > .kt-inside-inner-col:before{opacity:0.3;}.kadence-column1011_8d0468-37{position:relative;}@media all and (max-width: 1024px){.kadence-column1011_8d0468-37 > .kt-inside-inner-col{flex-direction:column;justify-content:center;}}@media all and (max-width: 767px){.kadence-column1011_8d0468-37 > .kt-inside-inner-col{flex-direction:column;justify-content:center;}}<\/style>\n<div class=\"wp-block-kadence-column kadence-column1011_8d0468-37 inner-column-1\"><div class=\"kt-inside-inner-col\">\n<p><\/p>\n\n\n<style>.wp-block-kadence-advancedheading.kt-adv-heading1011_fdf959-e4, .wp-block-kadence-advancedheading.kt-adv-heading1011_fdf959-e4[data-kb-block=\"kb-adv-heading1011_fdf959-e4\"]{text-align:center;font-size:var(--global-kb-font-size-lg, 2rem);font-style:normal;text-shadow:2px 3px 1px #000000;}.wp-block-kadence-advancedheading.kt-adv-heading1011_fdf959-e4 mark.kt-highlight, .wp-block-kadence-advancedheading.kt-adv-heading1011_fdf959-e4[data-kb-block=\"kb-adv-heading1011_fdf959-e4\"] mark.kt-highlight{font-style:normal;color:#f76a0c;-webkit-box-decoration-break:clone;box-decoration-break:clone;padding-top:0px;padding-right:0px;padding-bottom:0px;padding-left:0px;}.wp-block-kadence-advancedheading.kt-adv-heading1011_fdf959-e4 img.kb-inline-image, .wp-block-kadence-advancedheading.kt-adv-heading1011_fdf959-e4[data-kb-block=\"kb-adv-heading1011_fdf959-e4\"] img.kb-inline-image{width:150px;vertical-align:baseline;}@media all and (max-width: 1024px){.wp-block-kadence-advancedheading.kt-adv-heading1011_fdf959-e4, .wp-block-kadence-advancedheading.kt-adv-heading1011_fdf959-e4[data-kb-block=\"kb-adv-heading1011_fdf959-e4\"]{text-shadow:2px 3px 1px #000000;}}@media all and (max-width: 767px){.wp-block-kadence-advancedheading.kt-adv-heading1011_fdf959-e4, .wp-block-kadence-advancedheading.kt-adv-heading1011_fdf959-e4[data-kb-block=\"kb-adv-heading1011_fdf959-e4\"]{text-shadow:2px 3px 1px #000000;font-size:var(--global-kb-font-size-lg, 2rem);}}<\/style>\n<h2 class=\"kt-adv-heading1011_fdf959-e4 wp-block-kadence-advancedheading has-theme-palette-9-color has-text-color\" data-kb-block=\"kb-adv-heading1011_fdf959-e4\">COMPLEJO DE CABA\u00d1AS<\/h2>\n\n\n<style>.wp-block-kadence-advancedheading.kt-adv-heading1011_94416e-ae, .wp-block-kadence-advancedheading.kt-adv-heading1011_94416e-ae[data-kb-block=\"kb-adv-heading1011_94416e-ae\"]{text-align:center;font-size:var(--global-kb-font-size-xxl, 4rem);font-style:normal;text-shadow:2px 3px 1px #000000;}.wp-block-kadence-advancedheading.kt-adv-heading1011_94416e-ae mark.kt-highlight, .wp-block-kadence-advancedheading.kt-adv-heading1011_94416e-ae[data-kb-block=\"kb-adv-heading1011_94416e-ae\"] mark.kt-highlight{font-style:normal;color:#f76a0c;-webkit-box-decoration-break:clone;box-decoration-break:clone;padding-top:0px;padding-right:0px;padding-bottom:0px;padding-left:0px;}.wp-block-kadence-advancedheading.kt-adv-heading1011_94416e-ae img.kb-inline-image, .wp-block-kadence-advancedheading.kt-adv-heading1011_94416e-ae[data-kb-block=\"kb-adv-heading1011_94416e-ae\"] img.kb-inline-image{width:150px;vertical-align:baseline;}@media all and (max-width: 1024px){.wp-block-kadence-advancedheading.kt-adv-heading1011_94416e-ae, .wp-block-kadence-advancedheading.kt-adv-heading1011_94416e-ae[data-kb-block=\"kb-adv-heading1011_94416e-ae\"]{text-shadow:2px 3px 1px #000000;}}@media all and (max-width: 767px){.wp-block-kadence-advancedheading.kt-adv-heading1011_94416e-ae, .wp-block-kadence-advancedheading.kt-adv-heading1011_94416e-ae[data-kb-block=\"kb-adv-heading1011_94416e-ae\"]{text-shadow:2px 3px 1px #000000;font-size:var(--global-kb-font-size-lg, 2rem);}}<\/style>\n<h2 class=\"kt-adv-heading1011_94416e-ae wp-block-kadence-advancedheading has-theme-palette-9-color has-text-color\" data-kb-block=\"kb-adv-heading1011_94416e-ae\">cAMPO LA HERRADURA<\/h2>\n\n\n<style>.wp-block-kadence-advancedheading.kt-adv-heading1011_ed652e-f2, .wp-block-kadence-advancedheading.kt-adv-heading1011_ed652e-f2[data-kb-block=\"kb-adv-heading1011_ed652e-f2\"]{text-align:center;font-style:normal;}.wp-block-kadence-advancedheading.kt-adv-heading1011_ed652e-f2 mark.kt-highlight, .wp-block-kadence-advancedheading.kt-adv-heading1011_ed652e-f2[data-kb-block=\"kb-adv-heading1011_ed652e-f2\"] mark.kt-highlight{font-style:normal;color:#f76a0c;-webkit-box-decoration-break:clone;box-decoration-break:clone;padding-top:0px;padding-right:0px;padding-bottom:0px;padding-left:0px;}.wp-block-kadence-advancedheading.kt-adv-heading1011_ed652e-f2 img.kb-inline-image, .wp-block-kadence-advancedheading.kt-adv-heading1011_ed652e-f2[data-kb-block=\"kb-adv-heading1011_ed652e-f2\"] img.kb-inline-image{width:150px;vertical-align:baseline;}<\/style>\n<p class=\"kt-adv-heading1011_ed652e-f2 wp-block-kadence-advancedheading has-theme-palette-9-color has-text-color\" data-kb-block=\"kb-adv-heading1011_ed652e-f2\">UN REFUGIO PARA LA FAMILIA EN EL CORAZON DE LA SIERRA.<a href=\"\"><\/a><\/p>\n<\/div><\/div>\n\n<\/div><\/div>\n\n<style>.kb-row-layout-id1011_435cd9-3b > .kt-row-column-wrap{align-content:start;}:where(.kb-row-layout-id1011_435cd9-3b > .kt-row-column-wrap) > .wp-block-kadence-column{justify-content:start;}.kb-row-layout-id1011_435cd9-3b > .kt-row-column-wrap{column-gap:var(--global-kb-gap-md, 2rem);row-gap:var(--global-kb-gap-md, 2rem);max-width:var( --global-content-width, 1290px );padding-left:var(--global-content-edge-padding);padding-right:var(--global-content-edge-padding);padding-top:80px;padding-bottom:80px;grid-template-columns:minmax(0, 1fr);}.kb-row-layout-id1011_435cd9-3b > .kt-row-layout-overlay{opacity:0.30;}@media all and (max-width: 1024px){.kb-row-layout-id1011_435cd9-3b > .kt-row-column-wrap{grid-template-columns:minmax(0, 1fr);}}@media all and (max-width: 767px){.kb-row-layout-id1011_435cd9-3b > .kt-row-column-wrap{grid-template-columns:minmax(0, 1fr);}}<\/style><div class=\"kb-row-layout-wrap kb-row-layout-id1011_435cd9-3b alignnone has-theme-palette8-background-color kt-row-has-bg wp-block-kadence-rowlayout\"><div class=\"kt-row-column-wrap kt-has-1-columns kt-row-layout-equal kt-tab-layout-inherit kt-mobile-layout-row kt-row-valign-top kb-theme-content-width\">\n<style>.kadence-column1011_d52d0f-da > .kt-inside-inner-col,.kadence-column1011_d52d0f-da > .kt-inside-inner-col:before{border-top-left-radius:0px;border-top-right-radius:0px;border-bottom-right-radius:0px;border-bottom-left-radius:0px;}.kadence-column1011_d52d0f-da > .kt-inside-inner-col{column-gap:var(--global-kb-gap-sm, 1rem);}.kadence-column1011_d52d0f-da > .kt-inside-inner-col{flex-direction:column;}.kadence-column1011_d52d0f-da > .kt-inside-inner-col > .aligncenter{width:100%;}.kadence-column1011_d52d0f-da > .kt-inside-inner-col:before{opacity:0.3;}.kadence-column1011_d52d0f-da{position:relative;}@media all and (max-width: 1024px){.kadence-column1011_d52d0f-da > .kt-inside-inner-col{flex-direction:column;justify-content:center;}}@media all and (max-width: 767px){.kadence-column1011_d52d0f-da > .kt-inside-inner-col{flex-direction:column;justify-content:center;}}<\/style>\n<div class=\"wp-block-kadence-column kadence-column1011_d52d0f-da inner-column-1\"><div class=\"kt-inside-inner-col\"><style>.wp-block-kadence-advancedheading.kt-adv-heading1011_10966d-e7, .wp-block-kadence-advancedheading.kt-adv-heading1011_10966d-e7[data-kb-block=\"kb-adv-heading1011_10966d-e7\"]{text-align:center;font-style:normal;}.wp-block-kadence-advancedheading.kt-adv-heading1011_10966d-e7 mark.kt-highlight, .wp-block-kadence-advancedheading.kt-adv-heading1011_10966d-e7[data-kb-block=\"kb-adv-heading1011_10966d-e7\"] mark.kt-highlight{font-style:normal;color:#f76a0c;-webkit-box-decoration-break:clone;box-decoration-break:clone;padding-top:0px;padding-right:0px;padding-bottom:0px;padding-left:0px;}.wp-block-kadence-advancedheading.kt-adv-heading1011_10966d-e7 img.kb-inline-image, .wp-block-kadence-advancedheading.kt-adv-heading1011_10966d-e7[data-kb-block=\"kb-adv-heading1011_10966d-e7\"] img.kb-inline-image{width:150px;vertical-align:baseline;}@media all and (max-width: 767px){.wp-block-kadence-advancedheading.kt-adv-heading1011_10966d-e7, .wp-block-kadence-advancedheading.kt-adv-heading1011_10966d-e7[data-kb-block=\"kb-adv-heading1011_10966d-e7\"]{font-size:24px;}}<\/style>\n<h2 class=\"kt-adv-heading1011_10966d-e7 wp-block-kadence-advancedheading\" data-kb-block=\"kb-adv-heading1011_10966d-e7\">BIENVENIDOS<\/h2>\n\n\n<style>.wp-block-kadence-advancedheading.kt-adv-heading1011_65c994-aa, .wp-block-kadence-advancedheading.kt-adv-heading1011_65c994-aa[data-kb-block=\"kb-adv-heading1011_65c994-aa\"]{text-align:center;font-style:normal;}.wp-block-kadence-advancedheading.kt-adv-heading1011_65c994-aa mark.kt-highlight, .wp-block-kadence-advancedheading.kt-adv-heading1011_65c994-aa[data-kb-block=\"kb-adv-heading1011_65c994-aa\"] mark.kt-highlight{font-style:normal;color:#f76a0c;-webkit-box-decoration-break:clone;box-decoration-break:clone;padding-top:0px;padding-right:0px;padding-bottom:0px;padding-left:0px;}.wp-block-kadence-advancedheading.kt-adv-heading1011_65c994-aa img.kb-inline-image, .wp-block-kadence-advancedheading.kt-adv-heading1011_65c994-aa[data-kb-block=\"kb-adv-heading1011_65c994-aa\"] img.kb-inline-image{width:150px;vertical-align:baseline;}<\/style>\n<p class=\"kt-adv-heading1011_65c994-aa wp-block-kadence-advancedheading has-theme-palette-4-color has-text-color\" data-kb-block=\"kb-adv-heading1011_65c994-aa\">Las tranqueras del Complejo de Campo La Herradura est\u00e1n siempre abiertas para recibirlo y ofrecerle, junto a su familia, un verdadero descanso en un entorno natural \u00fanico. En un ambiente acogedor que invita al relax durante todo el a\u00f1o, lo invitamos a disfrutar de Villa de Merlo, su microclima, el aire puro y la inmensidad del paisaje, en un lugar inolvidable del coraz\u00f3n cuyano, ideal para quienes aman la sierra y la tranquilidad de la naturaleza.<a href=\"\"><\/a><\/p>\n\n\n<style>.kb-row-layout-id1011_5fae7b-e1 > .kt-row-column-wrap{align-content:start;}:where(.kb-row-layout-id1011_5fae7b-e1 > .kt-row-column-wrap) > .wp-block-kadence-column{justify-content:start;}.kb-row-layout-id1011_5fae7b-e1 > .kt-row-column-wrap{column-gap:80px;row-gap:var(--global-kb-gap-md, 2rem);padding-top:25px;padding-bottom:0px;}.kb-row-layout-id1011_5fae7b-e1 > .kt-row-column-wrap > div:not(.added-for-specificity){grid-column:initial;}.kb-row-layout-id1011_5fae7b-e1 > .kt-row-column-wrap{grid-template-columns:repeat(3, minmax(0, 1fr));}.kb-row-layout-id1011_5fae7b-e1 > .kt-row-layout-overlay{opacity:0.30;}@media all and (max-width: 1024px){.kb-row-layout-id1011_5fae7b-e1 > .kt-row-column-wrap > *:nth-child(3n of *:not(style)){grid-column:1 \/ -1;}}@media all and (max-width: 1024px){.kb-row-layout-id1011_5fae7b-e1 > .kt-row-column-wrap{grid-template-columns:repeat(2, minmax(0, 1fr));}}@media all and (max-width: 767px){.kb-row-layout-id1011_5fae7b-e1 > .kt-row-column-wrap > div:not(.added-for-specificity){grid-column:initial;}.kb-row-layout-id1011_5fae7b-e1 > .kt-row-column-wrap{grid-template-columns:minmax(0, 1fr);}}<\/style><div class=\"kb-row-layout-wrap kb-row-layout-id1011_5fae7b-e1 alignnone wp-block-kadence-rowlayout\"><div class=\"kt-row-column-wrap kt-has-3-columns kt-row-layout-equal kt-tab-layout-last-row kt-mobile-layout-row kt-row-valign-top\">\n<style>.kadence-column1011_bde72d-60 > .kt-inside-inner-col,.kadence-column1011_bde72d-60 > .kt-inside-inner-col:before{border-top-left-radius:0px;border-top-right-radius:0px;border-bottom-right-radius:0px;border-bottom-left-radius:0px;}.kadence-column1011_bde72d-60 > .kt-inside-inner-col{column-gap:var(--global-kb-gap-sm, 1rem);}.kadence-column1011_bde72d-60 > .kt-inside-inner-col{flex-direction:column;}.kadence-column1011_bde72d-60 > .kt-inside-inner-col > .aligncenter{width:100%;}.kadence-column1011_bde72d-60 > .kt-inside-inner-col:before{opacity:0.3;}.kadence-column1011_bde72d-60{position:relative;}@media all and (max-width: 1024px){.kadence-column1011_bde72d-60 > .kt-inside-inner-col{flex-direction:column;justify-content:center;}}@media all and (max-width: 767px){.kadence-column1011_bde72d-60 > .kt-inside-inner-col{flex-direction:column;justify-content:center;}}<\/style>\n<div class=\"wp-block-kadence-column kadence-column1011_bde72d-60\"><div class=\"kt-inside-inner-col\">\n<figure class=\"wp-block-image size-large\"><a href=\"https:\/\/laherraduramerlo.com.ar\/sitio1\/wp-content\/uploads\/2026\/02\/DSC_0487-scaled.jpg\"><img loading=\"lazy\" decoding=\"async\" width=\"683\" height=\"1024\" src=\"https:\/\/laherraduramerlo.com.ar\/sitio1\/wp-content\/uploads\/2026\/02\/DSC_0487-683x1024.jpg\" alt=\"\" class=\"wp-image-231\" style=\"aspect-ratio:0.6670037166593791;object-fit:cover\" srcset=\"https:\/\/laherraduramerlo.com.ar\/sitio1\/wp-content\/uploads\/2026\/02\/DSC_0487-683x1024.jpg 683w, https:\/\/laherraduramerlo.com.ar\/sitio1\/wp-content\/uploads\/2026\/02\/DSC_0487-200x300.jpg 200w, https:\/\/laherraduramerlo.com.ar\/sitio1\/wp-content\/uploads\/2026\/02\/DSC_0487-768x1152.jpg 768w, https:\/\/laherraduramerlo.com.ar\/sitio1\/wp-content\/uploads\/2026\/02\/DSC_0487-1024x1536.jpg 1024w, https:\/\/laherraduramerlo.com.ar\/sitio1\/wp-content\/uploads\/2026\/02\/DSC_0487-1365x2048.jpg 1365w, https:\/\/laherraduramerlo.com.ar\/sitio1\/wp-content\/uploads\/2026\/02\/DSC_0487-scaled.jpg 1707w\" sizes=\"auto, (max-width: 683px) 100vw, 683px\" \/><\/a><\/figure>\n<\/div><\/div>\n\n\n<style>.kadence-column1011_981e1d-12 > .kt-inside-inner-col,.kadence-column1011_981e1d-12 > .kt-inside-inner-col:before{border-top-left-radius:0px;border-top-right-radius:0px;border-bottom-right-radius:0px;border-bottom-left-radius:0px;}.kadence-column1011_981e1d-12 > .kt-inside-inner-col{column-gap:var(--global-kb-gap-sm, 1rem);}.kadence-column1011_981e1d-12 > .kt-inside-inner-col{flex-direction:column;}.kadence-column1011_981e1d-12 > .kt-inside-inner-col > .aligncenter{width:100%;}.kadence-column1011_981e1d-12 > .kt-inside-inner-col:before{opacity:0.3;}.kadence-column1011_981e1d-12{position:relative;}@media all and (max-width: 1024px){.kadence-column1011_981e1d-12 > .kt-inside-inner-col{flex-direction:column;justify-content:center;}}@media all and (max-width: 767px){.kadence-column1011_981e1d-12 > .kt-inside-inner-col{flex-direction:column;justify-content:center;}}<\/style>\n<div class=\"wp-block-kadence-column kadence-column1011_981e1d-12\"><div class=\"kt-inside-inner-col\">\n<figure class=\"wp-block-image size-large\"><a href=\"https:\/\/laherraduramerlo.com.ar\/sitio1\/wp-content\/uploads\/2026\/01\/DSC0330-scaled.jpg\"><img loading=\"lazy\" decoding=\"async\" width=\"1024\" height=\"683\" src=\"https:\/\/laherraduramerlo.com.ar\/sitio1\/wp-content\/uploads\/2026\/01\/DSC0330-1024x683.jpg\" alt=\"\" class=\"wp-image-123\" srcset=\"https:\/\/laherraduramerlo.com.ar\/sitio1\/wp-content\/uploads\/2026\/01\/DSC0330-1024x683.jpg 1024w, https:\/\/laherraduramerlo.com.ar\/sitio1\/wp-content\/uploads\/2026\/01\/DSC0330-300x200.jpg 300w, https:\/\/laherraduramerlo.com.ar\/sitio1\/wp-content\/uploads\/2026\/01\/DSC0330-768x512.jpg 768w, https:\/\/laherraduramerlo.com.ar\/sitio1\/wp-content\/uploads\/2026\/01\/DSC0330-1536x1024.jpg 1536w, https:\/\/laherraduramerlo.com.ar\/sitio1\/wp-content\/uploads\/2026\/01\/DSC0330-2048x1365.jpg 2048w\" sizes=\"auto, (max-width: 1024px) 100vw, 1024px\" \/><\/a><\/figure>\n\n\n\n<figure class=\"wp-block-image size-large\"><a href=\"https:\/\/laherraduramerlo.com.ar\/sitio1\/wp-content\/uploads\/2026\/01\/IMG_20200125_224820_096.jpg\"><img loading=\"lazy\" decoding=\"async\" width=\"1024\" height=\"1024\" src=\"https:\/\/laherraduramerlo.com.ar\/sitio1\/wp-content\/uploads\/2026\/01\/IMG_20200125_224820_096-1024x1024.jpg\" alt=\"\" class=\"wp-image-108\" srcset=\"https:\/\/laherraduramerlo.com.ar\/sitio1\/wp-content\/uploads\/2026\/01\/IMG_20200125_224820_096-1024x1024.jpg 1024w, https:\/\/laherraduramerlo.com.ar\/sitio1\/wp-content\/uploads\/2026\/01\/IMG_20200125_224820_096-300x300.jpg 300w, https:\/\/laherraduramerlo.com.ar\/sitio1\/wp-content\/uploads\/2026\/01\/IMG_20200125_224820_096-150x150.jpg 150w, https:\/\/laherraduramerlo.com.ar\/sitio1\/wp-content\/uploads\/2026\/01\/IMG_20200125_224820_096-768x768.jpg 768w, https:\/\/laherraduramerlo.com.ar\/sitio1\/wp-content\/uploads\/2026\/01\/IMG_20200125_224820_096-1536x1536.jpg 1536w, https:\/\/laherraduramerlo.com.ar\/sitio1\/wp-content\/uploads\/2026\/01\/IMG_20200125_224820_096-2048x2048.jpg 2048w\" sizes=\"auto, (max-width: 1024px) 100vw, 1024px\" \/><\/a><\/figure>\n<\/div><\/div>\n\n\n<style>.kadence-column1011_0954c2-0d > .kt-inside-inner-col,.kadence-column1011_0954c2-0d > .kt-inside-inner-col:before{border-top-left-radius:0px;border-top-right-radius:0px;border-bottom-right-radius:0px;border-bottom-left-radius:0px;}.kadence-column1011_0954c2-0d > .kt-inside-inner-col{column-gap:var(--global-kb-gap-sm, 1rem);}.kadence-column1011_0954c2-0d > .kt-inside-inner-col{flex-direction:column;}.kadence-column1011_0954c2-0d > .kt-inside-inner-col > .aligncenter{width:100%;}.kadence-column1011_0954c2-0d > .kt-inside-inner-col:before{opacity:0.3;}.kadence-column1011_0954c2-0d{position:relative;}@media all and (max-width: 1024px){.kadence-column1011_0954c2-0d > .kt-inside-inner-col{flex-direction:column;justify-content:center;}}@media all and (max-width: 767px){.kadence-column1011_0954c2-0d > .kt-inside-inner-col{flex-direction:column;justify-content:center;}}<\/style>\n<div class=\"wp-block-kadence-column kadence-column1011_0954c2-0d\"><div class=\"kt-inside-inner-col\">\n<figure class=\"wp-block-image size-large\"><a href=\"https:\/\/laherraduramerlo.com.ar\/sitio1\/wp-content\/uploads\/2026\/02\/DSC0313-scaled.jpg\"><img loading=\"lazy\" decoding=\"async\" width=\"683\" height=\"1024\" src=\"https:\/\/laherraduramerlo.com.ar\/sitio1\/wp-content\/uploads\/2026\/02\/DSC0313-683x1024.jpg\" alt=\"\" class=\"wp-image-237\" style=\"aspect-ratio:0.6670037166593791;object-fit:cover\" srcset=\"https:\/\/laherraduramerlo.com.ar\/sitio1\/wp-content\/uploads\/2026\/02\/DSC0313-683x1024.jpg 683w, https:\/\/laherraduramerlo.com.ar\/sitio1\/wp-content\/uploads\/2026\/02\/DSC0313-200x300.jpg 200w, https:\/\/laherraduramerlo.com.ar\/sitio1\/wp-content\/uploads\/2026\/02\/DSC0313-768x1152.jpg 768w, https:\/\/laherraduramerlo.com.ar\/sitio1\/wp-content\/uploads\/2026\/02\/DSC0313-1024x1536.jpg 1024w, https:\/\/laherraduramerlo.com.ar\/sitio1\/wp-content\/uploads\/2026\/02\/DSC0313-1365x2048.jpg 1365w, https:\/\/laherraduramerlo.com.ar\/sitio1\/wp-content\/uploads\/2026\/02\/DSC0313-scaled.jpg 1707w\" sizes=\"auto, (max-width: 683px) 100vw, 683px\" \/><\/a><\/figure>\n<\/div><\/div>\n\n<\/div><\/div>\n\n<style>.wp-block-kadence-advancedheading.kt-adv-heading1011_e7747f-49, .wp-block-kadence-advancedheading.kt-adv-heading1011_e7747f-49[data-kb-block=\"kb-adv-heading1011_e7747f-49\"]{text-align:center;font-size:20px;font-style:normal;}.wp-block-kadence-advancedheading.kt-adv-heading1011_e7747f-49 mark.kt-highlight, .wp-block-kadence-advancedheading.kt-adv-heading1011_e7747f-49[data-kb-block=\"kb-adv-heading1011_e7747f-49\"] mark.kt-highlight{font-style:normal;color:#f76a0c;-webkit-box-decoration-break:clone;box-decoration-break:clone;padding-top:0px;padding-right:0px;padding-bottom:0px;padding-left:0px;}.wp-block-kadence-advancedheading.kt-adv-heading1011_e7747f-49 img.kb-inline-image, .wp-block-kadence-advancedheading.kt-adv-heading1011_e7747f-49[data-kb-block=\"kb-adv-heading1011_e7747f-49\"] img.kb-inline-image{width:150px;vertical-align:baseline;}<\/style>\n<p class=\"kt-adv-heading1011_e7747f-49 wp-block-kadence-advancedheading has-theme-palette-4-color has-text-color\" data-kb-block=\"kb-adv-heading1011_e7747f-49\">Hay historias que no se cuentan, se viven. Reg\u00e1lales a tus hijos una infancia con olor a cerros y tardes de aventura en la Villa de Merlo.<a href=\"\"><\/a><a href=\"\"><\/a><\/p>\n<\/div><\/div>\n\n<\/div><\/div>","protected":false},"excerpt":{"rendered":"<p>complejo de caba\u00f1as COMPLEJO DE CABA\u00d1AS cAMPO LA HERRADURA UN REFUGIO PARA LA FAMILIA EN EL CORAZON DE LA SIERRA. BIENVENIDOS Las tranqueras del Complejo de Campo La Herradura est\u00e1n siempre abiertas para recibirlo y ofrecerle, junto a su familia, un verdadero descanso en un entorno natural \u00fanico. En un ambiente acogedor que invita al&#8230;<\/p>\n","protected":false},"author":2,"featured_media":935,"parent":0,"menu_order":0,"comment_status":"closed","ping_status":"closed","template":"","meta":{"_kadence_starter_templates_imported_post":true,"_kad_post_transparent":"","_kad_post_title":"hide","_kad_post_layout":"fullwidth","_kad_post_sidebar_id":"","_kad_post_content_style":"unboxed","_kad_post_vertical_padding":"hide","_kad_post_feature":"hide","_kad_post_feature_position":"","_kad_post_header":false,"_kad_post_footer":false,"_kad_post_classname":"","footnotes":""},"class_list":["post-1011","page","type-page","status-publish","has-post-thumbnail","hentry"],"_links":{"self":[{"href":"https:\/\/laherraduramerlo.com.ar\/sitio1\/wp-json\/wp\/v2\/pages\/1011","targetHints":{"allow":["GET"]}}],"collection":[{"href":"https:\/\/laherraduramerlo.com.ar\/sitio1\/wp-json\/wp\/v2\/pages"}],"about":[{"href":"https:\/\/laherraduramerlo.com.ar\/sitio1\/wp-json\/wp\/v2\/types\/page"}],"author":[{"embeddable":true,"href":"https:\/\/laherraduramerlo.com.ar\/sitio1\/wp-json\/wp\/v2\/users\/2"}],"replies":[{"embeddable":true,"href":"https:\/\/laherraduramerlo.com.ar\/sitio1\/wp-json\/wp\/v2\/comments?post=1011"}],"version-history":[{"count":7,"href":"https:\/\/laherraduramerlo.com.ar\/sitio1\/wp-json\/wp\/v2\/pages\/1011\/revisions"}],"predecessor-version":[{"id":1128,"href":"https:\/\/laherraduramerlo.com.ar\/sitio1\/wp-json\/wp\/v2\/pages\/1011\/revisions\/1128"}],"wp:featuredmedia":[{"embeddable":true,"href":"https:\/\/laherraduramerlo.com.ar\/sitio1\/wp-json\/wp\/v2\/media\/935"}],"wp:attachment":[{"href":"https:\/\/laherraduramerlo.com.ar\/sitio1\/wp-json\/wp\/v2\/media?parent=1011"}],"curies":[{"name":"wp","href":"https:\/\/api.w.org\/{rel}","templated":true}]}}